{"id":881,"date":"2020-10-20T14:00:19","date_gmt":"2020-10-20T17:00:19","guid":{"rendered":"https:\/\/www.gavias-theme.com\/wp\/ziston\/?page_id=881"},"modified":"2022-05-25T20:33:29","modified_gmt":"2022-05-25T23:33:29","slug":"como-funciona","status":"publish","type":"page","link":"https:\/\/xn--loja-ax-hya.com\/guia\/como-funciona\/","title":{"rendered":"Como funciona"},"content":{"rendered":"\t\t<div data-elementor-type=\"wp-page\" data-elementor-id=\"881\" class=\"elementor elementor-881\">\n\t\t\t\t\t\t<section class=\"elementor-section elementor-top-section elementor-element elementor-element-bc02ca0 elementor-section-boxed elementor-section-height-default elementor-section-height-default row-top\" data-id=\"bc02ca0\" data-element_type=\"section\" data-settings=\"{&quot;background_background&quot;:&quot;classic&quot;}\">\n\t\t\t\t\t\t<div class=\"elementor-container elementor-column-gap-default\">\n\t\t\t\t\t<div class=\"elementor-column elementor-col-100 elementor-top-column elementor-element elementor-element-ff9a975 column-style-top\" data-id=\"ff9a975\" data-element_type=\"column\">\n\t\t\t<div class=\"elementor-widget-wrap elementor-element-populated\">\n\t\t\t\t\t\t<div class=\"elementor-element elementor-element-23dc56c elementor-widget elementor-widget-heading\" data-id=\"23dc56c\" data-element_type=\"widget\" data-widget_type=\"heading.default\">\n\t\t\t\t<div class=\"elementor-widget-container\">\n\t\t\t\t\t<h1 class=\"elementor-heading-title elementor-size-default\">Como funciona<\/h1>\t\t\t\t<\/div>\n\t\t\t\t<\/div>\n\t\t\t\t\t<\/div>\n\t\t<\/div>\n\t\t\t\t\t<\/div>\n\t\t<\/section>\n\t\t\t\t<section class=\"elementor-section elementor-top-section elementor-element elementor-element-19a13746 elementor-section-boxed elementor-section-height-default elementor-section-height-default row-top\" data-id=\"19a13746\" data-element_type=\"section\">\n\t\t\t\t\t\t<div class=\"elementor-container elementor-column-gap-default\">\n\t\t\t\t\t<div class=\"elementor-column elementor-col-25 elementor-top-column elementor-element elementor-element-6c18bdc1 column-style-top\" data-id=\"6c18bdc1\" data-element_type=\"column\">\n\t\t\t<div class=\"elementor-widget-wrap elementor-element-populated\">\n\t\t\t\t\t\t<div class=\"elementor-element elementor-element-16a05b46 elementor-widget elementor-widget-gva-icon-box-styles\" data-id=\"16a05b46\" data-element_type=\"widget\" data-widget_type=\"gva-icon-box-styles.default\">\n\t\t\t\t<div class=\"elementor-widget-container\">\n\t\t\t\t\t<div class=\"gva-element-gva-icon-box-styles gva-element\">\r\n         <div class=\"widget gsc-icon-box-styles style-1 \">\r\n         <div class=\"icon-box-content\">\r\n                                 <div class=\"icon-inner\">\r\n                                             <span class=\"box-icon\">\r\n                           <i aria-hidden=\"true\" class=\"fi flaticon-selection\"><\/i>                        <\/span>\r\n                                       <\/div>\r\n                           <div class=\"box-content\">\r\n                                 <h3 class=\"title\">\r\n                     Escolha um<br>Pacote de An\u00fancios                  <\/h3>\r\n                                                <div class=\"desc\">Adquira um, ou mais pacotes, de acordo com a quantidade de an\u00fancios que deseja realizar. O ideal \u00e9 por produto\/servi\u00e7o.<\/div>\r\n                           <\/div>\r\n         <\/div> \r\n               <\/div>   \r\n   \r\n\r\n      \r\n\r\n\r\n<\/div>\t\t\t\t<\/div>\n\t\t\t\t<\/div>\n\t\t\t\t\t<\/div>\n\t\t<\/div>\n\t\t\t\t<div class=\"elementor-column elementor-col-25 elementor-top-column elementor-element elementor-element-72c309f7 column-style-top\" data-id=\"72c309f7\" data-element_type=\"column\">\n\t\t\t<div class=\"elementor-widget-wrap elementor-element-populated\">\n\t\t\t\t\t\t<div class=\"elementor-element elementor-element-1c8a5a72 elementor-widget elementor-widget-gva-icon-box-styles\" data-id=\"1c8a5a72\" data-element_type=\"widget\" data-widget_type=\"gva-icon-box-styles.default\">\n\t\t\t\t<div class=\"elementor-widget-container\">\n\t\t\t\t\t<div class=\"gva-element-gva-icon-box-styles gva-element\">\r\n         <div class=\"widget gsc-icon-box-styles style-1 active\">\r\n         <div class=\"icon-box-content\">\r\n                                 <div class=\"icon-inner\">\r\n                                             <span class=\"box-icon\">\r\n                           <i aria-hidden=\"true\" class=\"fi flaticon-focus\"><\/i>                        <\/span>\r\n                                       <\/div>\r\n                           <div class=\"box-content\">\r\n                                 <h3 class=\"title\">\r\n                     Crie<br>An\u00fancios precisos                  <\/h3>\r\n                                                <div class=\"desc\">Descreva em detalhes para vender (alugar\/comprar). Pode usar fotos e videos.<br>\u00c9 hora de \"vender seu peixe\"! \ud83d\ude09<\/div>\r\n                           <\/div>\r\n         <\/div> \r\n               <\/div>   \r\n   \r\n\r\n      \r\n\r\n\r\n<\/div>\t\t\t\t<\/div>\n\t\t\t\t<\/div>\n\t\t\t\t\t<\/div>\n\t\t<\/div>\n\t\t\t\t<div class=\"elementor-column elementor-col-25 elementor-top-column elementor-element elementor-element-6e3fa097 column-style-top\" data-id=\"6e3fa097\" data-element_type=\"column\">\n\t\t\t<div class=\"elementor-widget-wrap elementor-element-populated\">\n\t\t\t\t\t\t<div class=\"elementor-element elementor-element-7aaceeda elementor-widget elementor-widget-gva-icon-box-styles\" data-id=\"7aaceeda\" data-element_type=\"widget\" data-widget_type=\"gva-icon-box-styles.default\">\n\t\t\t\t<div class=\"elementor-widget-container\">\n\t\t\t\t\t<div class=\"gva-element-gva-icon-box-styles gva-element\">\r\n         <div class=\"widget gsc-icon-box-styles style-1 \">\r\n         <div class=\"icon-box-content\">\r\n                                 <div class=\"icon-inner\">\r\n                                             <span class=\"box-icon\">\r\n                           <i aria-hidden=\"true\" class=\"fi flaticon-delete\"><\/i>                        <\/span>\r\n                                       <\/div>\r\n                           <div class=\"box-content\">\r\n                                 <h3 class=\"title\">\r\n                     Aguarde pela<br>Aprova\u00e7\u00e3o                  <\/h3>\r\n                                                <div class=\"desc\">Os An\u00fancios passam por modera\u00e7\u00e3o para garantir a tem\u00e1tica do site.<br>Assim, o p\u00fablico encontra o que busca mais facilmente e volta!<\/div>\r\n                           <\/div>\r\n         <\/div> \r\n               <\/div>   \r\n   \r\n\r\n      \r\n\r\n\r\n<\/div>\t\t\t\t<\/div>\n\t\t\t\t<\/div>\n\t\t\t\t\t<\/div>\n\t\t<\/div>\n\t\t\t\t<div class=\"elementor-column elementor-col-25 elementor-top-column elementor-element elementor-element-54d0ce7e column-style-top\" data-id=\"54d0ce7e\" data-element_type=\"column\">\n\t\t\t<div class=\"elementor-widget-wrap elementor-element-populated\">\n\t\t\t\t\t\t<div class=\"elementor-element elementor-element-1d378196 elementor-widget elementor-widget-gva-icon-box-styles\" data-id=\"1d378196\" data-element_type=\"widget\" data-widget_type=\"gva-icon-box-styles.default\">\n\t\t\t\t<div class=\"elementor-widget-container\">\n\t\t\t\t\t<div class=\"gva-element-gva-icon-box-styles gva-element\">\r\n         <div class=\"widget gsc-icon-box-styles style-1 \">\r\n         <div class=\"icon-box-content\">\r\n                                 <div class=\"icon-inner\">\r\n                                             <span class=\"box-icon\">\r\n                           <i aria-hidden=\"true\" class=\"fi flaticon-exploration\"><\/i>                        <\/span>\r\n                                       <\/div>\r\n                           <div class=\"box-content\">\r\n                                 <h3 class=\"title\">\r\n                     Ganhe o<br>Mundo!                  <\/h3>\r\n                                                <div class=\"desc\">Seu An\u00fancio, na rede, para in\u00fameras pessoas com os mesmo prop\u00f3sitos!<\/br><\/br>\n<strong><em>Compartilhe muito!<\/em><\/strong><\/div>\r\n                           <\/div>\r\n         <\/div> \r\n               <\/div>   \r\n   \r\n\r\n      \r\n\r\n\r\n<\/div>\t\t\t\t<\/div>\n\t\t\t\t<\/div>\n\t\t\t\t\t<\/div>\n\t\t<\/div>\n\t\t\t\t\t<\/div>\n\t\t<\/section>\n\t\t\t\t<section class=\"elementor-section elementor-top-section elementor-element elementor-element-6dcbfba8 elementor-section-boxed elementor-section-height-default elementor-section-height-default row-top\" data-id=\"6dcbfba8\" data-element_type=\"section\">\n\t\t\t\t\t\t<div class=\"elementor-container elementor-column-gap-default\">\n\t\t\t\t\t<div class=\"elementor-column elementor-col-100 elementor-top-column elementor-element elementor-element-35577f21 column-style-top\" data-id=\"35577f21\" data-element_type=\"column\">\n\t\t\t<div class=\"elementor-widget-wrap elementor-element-populated\">\n\t\t\t\t\t\t<div class=\"elementor-element elementor-element-f1e5183 elementor-widget elementor-widget-text-editor\" data-id=\"f1e5183\" data-element_type=\"widget\" data-widget_type=\"text-editor.default\">\n\t\t\t\t<div class=\"elementor-widget-container\">\n\t\t\t\t\t\t\t\t\t<p>N\u00e3o perca tempo, seja visto por toda comunidade!\u00a0<a class=\"text-theme\" href=\"https:\/\/xn--loja-ax-hya.com\/classificados\/publicar-um-anuncio\/\">Crie agora mesmo seus An\u00fancios!<\/a><\/p>\t\t\t\t\t\t\t\t<\/div>\n\t\t\t\t<\/div>\n\t\t\t\t\t<\/div>\n\t\t<\/div>\n\t\t\t\t\t<\/div>\n\t\t<\/section>\n\t\t\t\t<section class=\"elementor-section elementor-top-section elementor-element elementor-element-68e163a1 elementor-section-boxed elementor-section-height-default elementor-section-height-default row-top\" data-id=\"68e163a1\" data-element_type=\"section\">\n\t\t\t\t\t\t<div class=\"elementor-container elementor-column-gap-default\">\n\t\t\t\t\t<div class=\"elementor-column elementor-col-100 elementor-top-column elementor-element elementor-element-3ae183b9 column-style-top\" data-id=\"3ae183b9\" data-element_type=\"column\">\n\t\t\t<div class=\"elementor-widget-wrap elementor-element-populated\">\n\t\t\t\t\t\t<div class=\"elementor-element elementor-element-5bc009aa elementor-widget elementor-widget-gva-brand\" data-id=\"5bc009aa\" data-element_type=\"widget\" data-widget_type=\"gva-brand.default\">\n\t\t\t\t<div class=\"elementor-widget-container\">\n\t\t\t\t\t<div class=\"gva-element-gva-brand gva-element\">\r\n   <div class=\"gva-brand-carousel style-2\">\r\n      <div class=\"init-carousel-owl owl-carousel\" data-items=\"5\" data-items_lg=\"5\" data-items_md=\"4\" data-items_sm=\"3\" data-items_xs=\"2\" data-items_xx=\"2\" data-loop=\"1\" data-speed=\"800\" data-auto_play=\"1\" data-auto_play_speed=\"800\" data-auto_play_timeout=\"6000\" data-auto_play_hover=\"1\" data-navigation=\"1\" data-pagination=\"0\" data-mouse_drag=\"1\" data-touch_drag=\"1\" data-stage_padding=\"0\" >\r\n                                 <div class=\"item brand-item\">\r\n               <div class=\"brand-item-content\">\r\n                  <span >\r\n                     <img decoding=\"async\" src=\"https:\/\/xn--loja-ax-hya.com\/classificados\/wp-content\/uploads\/2022\/04\/Loja-Axe\u0301-1.png\" alt=\"\" class=\"brand-img\"\/>                  <\/span>   \r\n               <\/div>\r\n            <\/div>\r\n               <\/div>\r\n   <\/div>\r\n<\/div>\t\t\t\t<\/div>\n\t\t\t\t<\/div>\n\t\t\t\t\t<\/div>\n\t\t<\/div>\n\t\t\t\t\t<\/div>\n\t\t<\/section>\n\t\t\t\t<section class=\"elementor-section elementor-top-section elementor-element elementor-element-13df1a52 elementor-section-boxed elementor-section-height-default elementor-section-height-default row-top\" data-id=\"13df1a52\" data-element_type=\"section\" data-settings=\"{&quot;background_background&quot;:&quot;classic&quot;}\">\n\t\t\t\t\t\t<div class=\"elementor-container elementor-column-gap-default\">\n\t\t\t\t\t<div class=\"elementor-column elementor-col-100 elementor-top-column elementor-element elementor-element-3ff239d5 column-style-top\" data-id=\"3ff239d5\" data-element_type=\"column\">\n\t\t\t<div class=\"elementor-widget-wrap elementor-element-populated\">\n\t\t\t\t\t\t<div class=\"elementor-element elementor-element-2060e22a elementor-widget elementor-widget-gva-image-content\" data-id=\"2060e22a\" data-element_type=\"widget\" data-widget_type=\"gva-image-content.default\">\n\t\t\t\t<div class=\"elementor-widget-container\">\n\t\t\t\t\t<div class=\"gva-element-gva-image-content gva-element\">\t\t\r\n\t<div class=\"gsc-image-content skin-v1\">\r\n\t  \t\t\t \t<div class=\"image\">\r\n\t\t\t\t<img decoding=\"async\" src=\"https:\/\/xn--loja-ax-hya.com\/guia\/wp-content\/uploads\/2022\/04\/Anuncie.jpeg\" alt=\"Guia Loja Ax\u00e9 \" \/>  \r\n\t\t \t<\/div>\r\n\t\t \t<div class=\"box-content\">\r\n\t\t \t\t<div class=\"content-inner\">\r\n\t\t\t \t\t\t\t\t \t\t\t<div class=\"title\">Guia Loja Ax\u00e9 <\/div>\r\n\t\t\t \t\t\t\t\t \t\t\t\t\t \t\t\t<div class=\"desc\">Segmentando os An\u00fancios, o Guia Loja Ax\u00e9 \u00e9 projetados para que as pessoas saibam onde podem encontrar um universo de produtos e servi\u00e7os voltados \u00e0s religi\u00f5es de afrobrasileiras e \u00e0 cultura afro, ao alcance de todo mundo. Pra todo mundo.<\/div>\r\n\t\t\t \t\t\t\t\t \t<\/div>\t\r\n\t\t \t<\/div>\r\n\t  \t\t<\/div>\r\n  \r\n\t \r\n \r\n\r\n\r\n <\/div>\t\t\t\t<\/div>\n\t\t\t\t<\/div>\n\t\t\t\t\t<\/div>\n\t\t<\/div>\n\t\t\t\t\t<\/div>\n\t\t<\/section>\n\t\t\t\t<section class=\"elementor-section elementor-top-section elementor-element elementor-element-4c7152f8 bg-row-theme elementor-section-boxed elementor-section-height-default elementor-section-height-default\" data-id=\"4c7152f8\" data-element_type=\"section\" data-settings=\"{&quot;background_background&quot;:&quot;classic&quot;}\">\n\t\t\t\t\t\t<div class=\"elementor-container elementor-column-gap-default\">\n\t\t\t\t\t<div class=\"elementor-column elementor-col-100 elementor-top-column elementor-element elementor-element-164e59ba column-style-top\" data-id=\"164e59ba\" data-element_type=\"column\">\n\t\t\t<div class=\"elementor-widget-wrap elementor-element-populated\">\n\t\t\t\t\t\t<div class=\"elementor-element elementor-element-9205fbf elementor-widget elementor-widget-gva-call-to-action\" data-id=\"9205fbf\" data-element_type=\"widget\" data-widget_type=\"gva-call-to-action.default\">\n\t\t\t\t<div class=\"elementor-widget-container\">\n\t\t\t\t\t<div class=\"gva-element-gva-call-to-action gva-element\">\r\n   <div class=\"button-right widget gsc-call-to-action\">\r\n      <div class=\"content-inner clearfix\" >\r\n         <div class=\"cta-content\">\r\n                           <div class=\"sub-title\"><span>Vamos conversar<\/span><\/div>\r\n                                       <h2 class=\"title\">\r\n                  <span>Se ainda tem alguma d\u00favida, ou quer bater um papo para a melhor forma que os Classificados da Loja Ax\u00e9 pode te ajudar.<\/span>\r\n               <\/h2>\r\n                                 <\/div>\r\n                     <div class=\"button-action\">\r\n                       <a href=\"https:\/\/api.whatsapp.com\/send?phone=5511991920906&amp;text=Ol%C3%A1!%20Gostaria%20de%20saber%20mais%20sobre%20os%20Classificados%20da%20Loja%20Ax%C3%A9%20e%20como%20melhor%20se%20adequa%20a%20minha%20necessidade.\" class=\"btn-cta btn-black\" target=\"_blank\">\r\n          <span>Iniciar conversa<\/span>\r\n        <\/a>\r\n\r\n                    <\/div>\r\n               <\/div>\r\n   <\/div>\r\n<\/div>\t\t\t\t<\/div>\n\t\t\t\t<\/div>\n\t\t\t\t\t<\/div>\n\t\t<\/div>\n\t\t\t\t\t<\/div>\n\t\t<\/section>\n\t\t\t\t<\/div>\n\t\t","protected":false},"excerpt":{"rendered":"<p>Escolha umPacote de An\u00fancios Adquira um, ou mais pacotes, de acordo com a quantidade de an\u00fancios que deseja realizar. O ideal \u00e9 por produto\/servi\u00e7o. CrieAn\u00fancios precisos Descreva em detalhes para [&hellip;]<\/p>\n","protected":false},"author":1,"featured_media":0,"parent":0,"menu_order":0,"comment_status":"closed","ping_status":"closed","template":"","meta":{"_EventAllDay":false,"_EventTimezone":"","_EventStartDate":"","_EventEndDate":"","_EventStartDateUTC":"","_EventEndDateUTC":"","_EventShowMap":false,"_EventShowMapLink":false,"_EventURL":"","_EventCost":"","_EventCostDescription":"","_EventCurrencySymbol":"","_EventCurrencyCode":"","_EventCurrencyPosition":"","_EventDateTimeSeparator":"","_EventTimeRangeSeparator":"","_EventOrganizerID":[],"_EventVenueID":[],"_OrganizerEmail":"","_OrganizerPhone":"","_OrganizerWebsite":"","_VenueAddress":"","_VenueCity":"","_VenueCountry":"","_VenueProvince":"","_VenueState":"","_VenueZip":"","_VenuePhone":"","_VenueURL":"","_VenueStateProvince":"","_VenueLat":"","_VenueLng":"","_VenueShowMap":false,"_VenueShowMapLink":false,"footnotes":""},"class_list":["post-881","page","type-page","status-publish","hentry"],"_links":{"self":[{"href":"https:\/\/xn--loja-ax-hya.com\/guia\/wp-json\/wp\/v2\/pages\/881","targetHints":{"allow":["GET"]}}],"collection":[{"href":"https:\/\/xn--loja-ax-hya.com\/guia\/wp-json\/wp\/v2\/pages"}],"about":[{"href":"https:\/\/xn--loja-ax-hya.com\/guia\/wp-json\/wp\/v2\/types\/page"}],"author":[{"embeddable":true,"href":"https:\/\/xn--loja-ax-hya.com\/guia\/wp-json\/wp\/v2\/users\/1"}],"replies":[{"embeddable":true,"href":"https:\/\/xn--loja-ax-hya.com\/guia\/wp-json\/wp\/v2\/comments?post=881"}],"version-history":[{"count":42,"href":"https:\/\/xn--loja-ax-hya.com\/guia\/wp-json\/wp\/v2\/pages\/881\/revisions"}],"predecessor-version":[{"id":2235,"href":"https:\/\/xn--loja-ax-hya.com\/guia\/wp-json\/wp\/v2\/pages\/881\/revisions\/2235"}],"wp:attachment":[{"href":"https:\/\/xn--loja-ax-hya.com\/guia\/wp-json\/wp\/v2\/media?parent=881"}],"curies":[{"name":"wp","href":"https:\/\/api.w.org\/{rel}","templated":true}]}}