{"id":888,"date":"2020-10-20T14:02:29","date_gmt":"2020-10-20T07:02:29","guid":{"rendered":"https:\/\/www.gavias-theme.com\/wp\/ziston\/?page_id=888"},"modified":"2023-04-29T13:32:09","modified_gmt":"2023-04-29T16:32:09","slug":"precos","status":"publish","type":"page","link":"https:\/\/xn--loja-ax-hya.com\/guia\/precos\/","title":{"rendered":"Pre\u00e7os"},"content":{"rendered":"\t\t<div data-elementor-type=\"wp-page\" data-elementor-id=\"888\" class=\"elementor elementor-888\">\n\t\t\t\t\t\t<section class=\"elementor-section elementor-top-section elementor-element elementor-element-5123f34c elementor-section-boxed elementor-section-height-default elementor-section-height-default row-top\" data-id=\"5123f34c\" data-element_type=\"section\" data-settings=\"{&quot;background_background&quot;:&quot;classic&quot;}\">\n\t\t\t\t\t\t<div class=\"elementor-container elementor-column-gap-default\">\n\t\t\t\t\t<div class=\"elementor-column elementor-col-100 elementor-top-column elementor-element elementor-element-391f9f2a column-style-top\" data-id=\"391f9f2a\" data-element_type=\"column\">\n\t\t\t<div class=\"elementor-widget-wrap elementor-element-populated\">\n\t\t\t\t\t\t<div class=\"elementor-element elementor-element-6e62ebee elementor-widget elementor-widget-gva-heading-block\" data-id=\"6e62ebee\" data-element_type=\"widget\" data-widget_type=\"gva-heading-block.default\">\n\t\t\t\t<div class=\"elementor-widget-container\">\n\t\t\t\t\t<div class=\"gva-element-gva-heading-block gva-element\">   <div class=\"align-center style-1 widget gsc-heading box-align-center\">\r\n      <div class=\"content-inner\">\r\n         \r\n                  \r\n                     <div class=\"clearfix\"><div class=\"sub-title\"><span>tabela de pre\u00e7os<\/span><\/div><\/div>\r\n           \r\n         \r\n                     <h2 class=\"title\">\r\n               <span>Pacotes de An\u00fancios<\/span>\r\n            <\/h2>\r\n                              <div class=\"title-desc\">Escolha um, ou mais, pacotes de acordo com o volume de an\u00fancios que deseja fazer.<\/div>\r\n         \r\n         \r\n      <\/div>\r\n   <\/div>\r\n   <div class=\"clearfix\"><\/div>\r\n<\/div>\t\t\t\t<\/div>\n\t\t\t\t<\/div>\n\t\t\t\t<div class=\"elementor-element elementor-element-7b1e8412 elementor-widget elementor-widget-gva-listings-packages\" data-id=\"7b1e8412\" data-element_type=\"widget\" data-widget_type=\"gva-listings-packages.default\">\n\t\t\t\t<div class=\"elementor-widget-container\">\n\t\t\t\t\t<div class=\"gva-element-gva-listings-packages gva-element\">\r\n<div class=\"gsc-listings-packages layout-carousel owl-boxshadow-carousel\">\r\n   <div class=\"init-carousel-owl owl-carousel\" data-items=\"3\" data-items_lg=\"3\" data-items_md=\"3\" data-items_sm=\"2\" data-items_xs=\"1\" data-items_xx=\"1\" data-loop=\"1\" data-speed=\"800\" data-auto_play=\"0\" data-auto_play_speed=\"800\" data-auto_play_timeout=\"0\" data-auto_play_hover=\"1\" data-navigation=\"1\" data-pagination=\"1\" data-mouse_drag=\"1\" data-touch_drag=\"1\" data-stage_padding=\"15\" >\r\n      <div class=\"item\">\r\n<div class=\"post-1795 product type-product status-publish has-post-thumbnail product_cat-pacote-de-anuncios product_tag-anuncios product_tag-classificados product_tag-pacote-de-anuncios first instock virtual sold-individually purchasable product-type-lt_package\">\r\n\t<div class=\"package-block\">\r\n\t\t<div class=\"product-block-inner clearfix\">\r\n\t\t\t<div class=\"package-top\">\r\n\t\t\t\t<h3 class=\"title\">An\u00fancio R\u00e1pido<\/h3>\r\n\t\t\t\t<div class=\"package-price\">\r\n\t\t\t\t\t\r\n\t<span class=\"price\"><span class=\"woocommerce-Price-amount amount\"><span class=\"woocommerce-Price-currencySymbol\">&#082;&#036;<\/span>&nbsp;5,99<\/span><\/span>\r\n\t\t\t\t<\/div>\r\n\t\t \t<\/div>\r\n\t\t\t<div class=\"package-content\">\r\n\t\t\t\t<div class=\"content-inner\">\r\n\t\t\t\t\t<p><strong>Ideal para necessidades pontuais!<\/strong><\/p>\n<p>&#8211; Precisa s\u00f3 vender um item?<br \/>\n&#8211; Quer encontrar algu\u00e9m que para prestar um servi\u00e7o?<br \/>\n&#8211; De passagem por algum lugar e deseja aproveitar para oferecer seus servi\u00e7os? <\/p>\n<ul>\n<li>1 An\u00fancio<\/li>\n<li>90 dias<\/li>\n<\/ul>\n\t\t\t\t\t<div class=\"add-to-cart\">\r\n\t\t\t\t\t \t<a href=\"\/guia\/wp-json\/wp\/v2\/pages\/888?add-to-cart=1795\" data-quantity=\"1\" data-product_id=\"1795\" data-product_sku=\"\" class=\"button add_to_cart_button product_type_lt_package product_type_simple ajax_add_to_cart\"> Selecionar<\/a>\t\t\t\t \t<\/div> \r\n\t\t\t\t<\/div>\t\r\n\t\t\t<\/div>\r\n\t\t<\/div>\r\n\t<\/div>\t\r\n<\/div>\t\r\n<\/div><div class=\"item\">\r\n<div class=\"post-1801 product type-product status-publish has-post-thumbnail product_cat-pacote-de-anuncios product_tag-anuncios product_tag-classificados product_tag-pacote-de-anuncios  instock virtual sold-individually purchasable product-type-lt_package\">\r\n\t<div class=\"package-block\">\r\n\t\t<div class=\"product-block-inner clearfix\">\r\n\t\t\t<div class=\"package-top\">\r\n\t\t\t\t<h3 class=\"title\">An\u00fancio \u00fanico<\/h3>\r\n\t\t\t\t<div class=\"package-price\">\r\n\t\t\t\t\t\r\n\t<span class=\"price\"><span class=\"woocommerce-Price-amount amount\"><span class=\"woocommerce-Price-currencySymbol\">&#082;&#036;<\/span>&nbsp;36,60<\/span><\/span>\r\n\t\t\t\t<\/div>\r\n\t\t \t<\/div>\r\n\t\t\t<div class=\"package-content\">\r\n\t\t\t\t<div class=\"content-inner\">\r\n\t\t\t\t\t<p><strong>Ideal para quem oferece apenas um servi\u00e7o ou produto sem varia\u00e7\u00f5es<\/strong><\/p>\n<p>&#8211; Jogos oraculares, cartas, tarot, consultas diversas<br \/>\n&#8211; Um produto que s\u00f3 voc\u00ea oferece no mercado<br \/>\n&#8211; Especialistas (fotografia, advocacia, motorista, musicistas etc.)<\/p>\n<ul>\n<li>1 An\u00fancio<\/li>\n<li>1 Ano<\/li>\n<\/ul>\n\t\t\t\t\t<div class=\"add-to-cart\">\r\n\t\t\t\t\t \t<a href=\"\/guia\/wp-json\/wp\/v2\/pages\/888?add-to-cart=1801\" data-quantity=\"1\" data-product_id=\"1801\" data-product_sku=\"\" class=\"button add_to_cart_button product_type_lt_package product_type_simple ajax_add_to_cart\"> Selecionar<\/a>\t\t\t\t \t<\/div> \r\n\t\t\t\t<\/div>\t\r\n\t\t\t<\/div>\r\n\t\t<\/div>\r\n\t<\/div>\t\r\n<\/div>\t\r\n<\/div><div class=\"item\">\r\n<div class=\"post-1819 product type-product status-publish has-post-thumbnail product_cat-pacote-de-anuncios product_tag-anuncios product_tag-classificados product_tag-pacote-de-anuncios  instock virtual sold-individually purchasable product-type-lt_package\">\r\n\t<div class=\"package-block\">\r\n\t\t<div class=\"product-block-inner clearfix\">\r\n\t\t\t<div class=\"package-top\">\r\n\t\t\t\t<h3 class=\"title\">5 An\u00fancios<\/h3>\r\n\t\t\t\t<div class=\"package-price\">\r\n\t\t\t\t\t\r\n\t<span class=\"price\"><span class=\"woocommerce-Price-amount amount\"><span class=\"woocommerce-Price-currencySymbol\">&#082;&#036;<\/span>&nbsp;179,99<\/span><\/span>\r\n\t\t\t\t<\/div>\r\n\t\t \t<\/div>\r\n\t\t\t<div class=\"package-content\">\r\n\t\t\t\t<div class=\"content-inner\">\r\n\t\t\t\t\t<p><strong>Transforme sua diversidade em oportunidades!<\/strong><\/p>\n<p>&#8211; Ofere\u00e7a varia\u00e7\u00f5es de produtos ou servi\u00e7os<br \/>\n&#8211; Ofere\u00e7a combina\u00e7\u00f5es entre produtos e servi\u00e7os<br \/>\n&#8211; Ouse! Inicie experimentando an\u00fancios diferentes e descubra o que lhe traz mais resultados.<\/p>\n<ul>\n<li>5 An\u00fancio<\/li>\n<li>1 Ano de exposi\u00e7\u00e3o<\/li>\n<\/ul>\n\t\t\t\t\t<div class=\"add-to-cart\">\r\n\t\t\t\t\t \t<a href=\"\/guia\/wp-json\/wp\/v2\/pages\/888?add-to-cart=1819\" data-quantity=\"1\" data-product_id=\"1819\" data-product_sku=\"\" class=\"button add_to_cart_button product_type_lt_package product_type_simple ajax_add_to_cart\"> Selecionar<\/a>\t\t\t\t \t<\/div> \r\n\t\t\t\t<\/div>\t\r\n\t\t\t<\/div>\r\n\t\t<\/div>\r\n\t<\/div>\t\r\n<\/div>\t\r\n<\/div><div class=\"item\">\r\n<div class=\"post-1820 product type-product status-publish has-post-thumbnail product_cat-pacote-de-anuncios product_tag-anuncios product_tag-classificados product_tag-pacote-de-anuncios last instock virtual sold-individually purchasable product-type-lt_package\">\r\n\t<div class=\"package-block\">\r\n\t\t<div class=\"product-block-inner clearfix\">\r\n\t\t\t<div class=\"package-top\">\r\n\t\t\t\t<h3 class=\"title\">10 An\u00fancios<\/h3>\r\n\t\t\t\t<div class=\"package-price\">\r\n\t\t\t\t\t\r\n\t<span class=\"price\"><span class=\"woocommerce-Price-amount amount\"><span class=\"woocommerce-Price-currencySymbol\">&#082;&#036;<\/span>&nbsp;287,98<\/span><\/span>\r\n\t\t\t\t<\/div>\r\n\t\t \t<\/div>\r\n\t\t\t<div class=\"package-content\">\r\n\t\t\t\t<div class=\"content-inner\">\r\n\t\t\t\t\t<p><strong>Aumente suas Oportunidades de Neg\u00f3cios com o Pacote de 10 An\u00fancios<\/strong><\/p>\n<ul>\n<li>10 An\u00fancios<\/li>\n<li>Condi\u00e7\u00f5es de <strong>parcelamento<\/strong>!<\/li>\n<li>O\u00a0 primeiros An\u00fancios aprovado ganha Destaque<\/li>\n<li>1 Publica\u00e7\u00f5es nos nossos feeds de <strong>Instagram<\/strong> e <strong>Facebook<\/strong><\/li>\n<li>1 Ano de exposi\u00e7\u00e3o<\/li>\n<li>Cupom de 15% para qualquer plano <a href=\"https:\/\/id1.digital\/\" target=\"_blank\" rel=\"noopener\"><strong>ID1.digital<\/strong><\/a><\/li>\n<\/ul>\n\t\t\t\t\t<div class=\"add-to-cart\">\r\n\t\t\t\t\t \t<a href=\"\/guia\/wp-json\/wp\/v2\/pages\/888?add-to-cart=1820\" data-quantity=\"1\" data-product_id=\"1820\" data-product_sku=\"\" class=\"button add_to_cart_button product_type_lt_package product_type_simple ajax_add_to_cart\"> Selecionar<\/a>\t\t\t\t \t<\/div> \r\n\t\t\t\t<\/div>\t\r\n\t\t\t<\/div>\r\n\t\t<\/div>\r\n\t<\/div>\t\r\n<\/div>\t\r\n<\/div><div class=\"item\">\r\n<div class=\"post-1821 product type-product status-publish has-post-thumbnail product_cat-pacote-de-anuncios product_tag-anuncios product_tag-classificados product_tag-pacote-de-anuncios first instock virtual sold-individually purchasable product-type-lt_package\">\r\n\t<div class=\"package-block\">\r\n\t\t<div class=\"product-block-inner clearfix\">\r\n\t\t\t<div class=\"package-top\">\r\n\t\t\t\t<h3 class=\"title\">20 An\u00fancios<\/h3>\r\n\t\t\t\t<div class=\"package-price\">\r\n\t\t\t\t\t\r\n\t<span class=\"price\"><span class=\"woocommerce-Price-amount amount\"><span class=\"woocommerce-Price-currencySymbol\">&#082;&#036;<\/span>&nbsp;575,95<\/span><\/span>\r\n\t\t\t\t<\/div>\r\n\t\t \t<\/div>\r\n\t\t\t<div class=\"package-content\">\r\n\t\t\t\t<div class=\"content-inner\">\r\n\t\t\t\t\t<p><strong>Destaque-se Agora! Mais Visibilidade, Mais Clientes, Mais Vendas!<\/strong><\/p>\n<ul>\n<li>20 An\u00fancios<\/li>\n<li>Condi\u00e7\u00f5es de <strong>parcelamento<\/strong>!<\/li>\n<li>Os 2 primeiros An\u00fancios aprovados ganham Destaque<\/li>\n<li>2 Publica\u00e7\u00f5es nos nossos feeds de <strong>Instagram<\/strong> e <strong>Facebook<\/strong><\/li>\n<li>1 Ano de exposi\u00e7\u00e3o<\/li>\n<li>Cupom de 15% para qualquer plano <a href=\"https:\/\/id1.digital\/\" target=\"_blank\" rel=\"noopener\"><strong>ID1.digital<\/strong><\/a><\/li>\n<\/ul>\n\t\t\t\t\t<div class=\"add-to-cart\">\r\n\t\t\t\t\t \t<a href=\"\/guia\/wp-json\/wp\/v2\/pages\/888?add-to-cart=1821\" data-quantity=\"1\" data-product_id=\"1821\" data-product_sku=\"\" class=\"button add_to_cart_button product_type_lt_package product_type_simple ajax_add_to_cart\"> Selecionar<\/a>\t\t\t\t \t<\/div> \r\n\t\t\t\t<\/div>\t\r\n\t\t\t<\/div>\r\n\t\t<\/div>\r\n\t<\/div>\t\r\n<\/div>\t\r\n<\/div><div class=\"item\">\r\n<div class=\"post-1822 product type-product status-publish has-post-thumbnail product_cat-pacote-de-anuncios product_tag-anuncios product_tag-classificados product_tag-pacote-de-anuncios  instock virtual sold-individually purchasable product-type-lt_package\">\r\n\t<div class=\"package-block\">\r\n\t\t<div class=\"product-block-inner clearfix\">\r\n\t\t\t<div class=\"package-top\">\r\n\t\t\t\t<h3 class=\"title\">50 An\u00fancios<\/h3>\r\n\t\t\t\t<div class=\"package-price\">\r\n\t\t\t\t\t\r\n\t<span class=\"price\"><span class=\"woocommerce-Price-amount amount\"><span class=\"woocommerce-Price-currencySymbol\">&#082;&#036;<\/span>&nbsp;1.439,88<\/span><\/span>\r\n\t\t\t\t<\/div>\r\n\t\t \t<\/div>\r\n\t\t\t<div class=\"package-content\">\r\n\t\t\t\t<div class=\"content-inner\">\r\n\t\t\t\t\t<p><strong>A solu\u00e7\u00e3o SUPREMA!\u00a0 \u00a0Maximize Vantagens e Maior Presen\u00e7a Digital\u00a0<\/strong><\/p>\n<ul>\n<li>50 An\u00fancios<\/li>\n<li>Condi\u00e7\u00f5es de <strong>parcelamento<\/strong>!<\/li>\n<li>Os 5 primeiros An\u00fancios aprovados ganham Destaque<\/li>\n<li>3 Publica\u00e7\u00f5es nos nossos feeds de <strong>Instagram<\/strong> e <strong>Facebook<\/strong><\/li>\n<li>1 Ano de exposi\u00e7\u00e3o<\/li>\n<li>Cupom de 15% para qualquer plano <a href=\"https:\/\/id1.digital\/\" target=\"_blank\" rel=\"noopener\"><strong>ID1.digital<\/strong><\/a><\/li>\n<\/ul>\n\t\t\t\t\t<div class=\"add-to-cart\">\r\n\t\t\t\t\t \t<a href=\"\/guia\/wp-json\/wp\/v2\/pages\/888?add-to-cart=1822\" data-quantity=\"1\" data-product_id=\"1822\" data-product_sku=\"\" class=\"button add_to_cart_button product_type_lt_package product_type_simple ajax_add_to_cart\"> Selecionar<\/a>\t\t\t\t \t<\/div> \r\n\t\t\t\t<\/div>\t\r\n\t\t\t<\/div>\r\n\t\t<\/div>\r\n\t<\/div>\t\r\n<\/div>\t\r\n<\/div>   <\/div>\r\n<\/div>\r\n<\/div>\t\t\t\t<\/div>\n\t\t\t\t<\/div>\n\t\t\t\t\t<\/div>\n\t\t<\/div>\n\t\t\t\t\t<\/div>\n\t\t<\/section>\n\t\t\t\t<section class=\"elementor-section elementor-top-section elementor-element elementor-element-53529ad elementor-section-boxed elementor-section-height-default elementor-section-height-default row-top\" data-id=\"53529ad\" data-element_type=\"section\" data-settings=\"{&quot;background_background&quot;:&quot;classic&quot;}\">\n\t\t\t\t\t\t<div class=\"elementor-container elementor-column-gap-default\">\n\t\t\t\t\t<div class=\"elementor-column elementor-col-100 elementor-top-column elementor-element elementor-element-84f134a column-style-top\" data-id=\"84f134a\" data-element_type=\"column\">\n\t\t\t<div class=\"elementor-widget-wrap elementor-element-populated\">\n\t\t\t\t\t\t<section class=\"elementor-section elementor-inner-section elementor-element elementor-element-c1eddb2 elementor-section-boxed elementor-section-height-default elementor-section-height-default row-top\" data-id=\"c1eddb2\" data-element_type=\"section\">\n\t\t\t\t\t\t<div class=\"elementor-container elementor-column-gap-default\">\n\t\t\t\t\t<div class=\"elementor-column elementor-col-100 elementor-inner-column elementor-element elementor-element-44f8287 column-style-top\" data-id=\"44f8287\" data-element_type=\"column\">\n\t\t\t<div class=\"elementor-widget-wrap elementor-element-populated\">\n\t\t\t\t\t\t<div class=\"elementor-element elementor-element-53f7775 elementor-widget elementor-widget-gva-heading-block\" data-id=\"53f7775\" data-element_type=\"widget\" data-widget_type=\"gva-heading-block.default\">\n\t\t\t\t<div class=\"elementor-widget-container\">\n\t\t\t\t\t<div class=\"gva-element-gva-heading-block gva-element\">   <div class=\"align-center style-1 widget gsc-heading box-align-left\">\r\n      <div class=\"content-inner\">\r\n         \r\n                  \r\n                     <div class=\"clearfix\"><div class=\"sub-title\"><span>Perguntas frequentes<\/span><\/div><\/div>\r\n           \r\n         \r\n                     <h2 class=\"title\">\r\n               <span>Alguma d\u00favida?<\/span>\r\n            <\/h2>\r\n                              <div class=\"title-desc\">Resta ainda alguma indecis\u00e3o na hora de adquirir seu Pacote de An\u00fancios?<\/div>\r\n         \r\n         \r\n      <\/div>\r\n   <\/div>\r\n   <div class=\"clearfix\"><\/div>\r\n<\/div>\t\t\t\t<\/div>\n\t\t\t\t<\/div>\n\t\t\t\t\t<\/div>\n\t\t<\/div>\n\t\t\t\t\t<\/div>\n\t\t<\/section>\n\t\t\t\t<section class=\"elementor-section elementor-inner-section elementor-element elementor-element-37e8c5f elementor-section-boxed elementor-section-height-default elementor-section-height-default row-top\" data-id=\"37e8c5f\" data-element_type=\"section\">\n\t\t\t\t\t\t<div class=\"elementor-container elementor-column-gap-default\">\n\t\t\t\t\t<div class=\"elementor-column elementor-col-50 elementor-inner-column elementor-element elementor-element-dd3b91e column-style-top\" data-id=\"dd3b91e\" data-element_type=\"column\">\n\t\t\t<div class=\"elementor-widget-wrap elementor-element-populated\">\n\t\t\t\t\t\t<div class=\"elementor-element elementor-element-929e8aa elementor-widget elementor-widget-image\" data-id=\"929e8aa\" data-element_type=\"widget\" data-widget_type=\"image.default\">\n\t\t\t\t<div class=\"elementor-widget-container\">\n\t\t\t\t\t\t\t\t\t\t\t\t\t\t\t<img fetchpriority=\"high\" decoding=\"async\" width=\"614\" height=\"406\" src=\"https:\/\/xn--loja-ax-hya.com\/guia\/wp-content\/uploads\/2022\/04\/DuvidasFrequentes.png\" class=\"attachment-full size-full wp-image-1791\" alt=\"D\u00favidas Frequentes\" srcset=\"https:\/\/xn--loja-ax-hya.com\/guia\/wp-content\/uploads\/2022\/04\/DuvidasFrequentes.png 614w, https:\/\/xn--loja-ax-hya.com\/guia\/wp-content\/uploads\/2022\/04\/DuvidasFrequentes-600x397.png 600w\" sizes=\"(max-width: 614px) 100vw, 614px\" \/>\t\t\t\t\t\t\t\t\t\t\t\t\t\t\t<\/div>\n\t\t\t\t<\/div>\n\t\t\t\t\t<\/div>\n\t\t<\/div>\n\t\t\t\t<div class=\"elementor-column elementor-col-50 elementor-inner-column elementor-element elementor-element-1b82d50 column-style-top\" data-id=\"1b82d50\" data-element_type=\"column\">\n\t\t\t<div class=\"elementor-widget-wrap elementor-element-populated\">\n\t\t\t\t\t\t<div class=\"elementor-element elementor-element-8e158a4 elementor-widget elementor-widget-accordion\" data-id=\"8e158a4\" data-element_type=\"widget\" data-widget_type=\"accordion.default\">\n\t\t\t\t<div class=\"elementor-widget-container\">\n\t\t\t\t\t\t\t<div class=\"elementor-accordion\">\n\t\t\t\t\t\t\t<div class=\"elementor-accordion-item\">\n\t\t\t\t\t<div id=\"elementor-tab-title-1481\" class=\"elementor-tab-title\" data-tab=\"1\" role=\"button\" aria-controls=\"elementor-tab-content-1481\" aria-expanded=\"false\">\n\t\t\t\t\t\t\t\t\t\t\t\t\t<span class=\"elementor-accordion-icon elementor-accordion-icon-right\" aria-hidden=\"true\">\n\t\t\t\t\t\t\t\t\t\t\t\t\t\t\t<span class=\"elementor-accordion-icon-closed\"><svg class=\"e-font-icon-svg e-fas-plus\" viewBox=\"0 0 448 512\" xmlns=\"http:\/\/www.w3.org\/2000\/svg\"><path d=\"M416 208H272V64c0-17.67-14.33-32-32-32h-32c-17.67 0-32 14.33-32 32v144H32c-17.67 0-32 14.33-32 32v32c0 17.67 14.33 32 32 32h144v144c0 17.67 14.33 32 32 32h32c17.67 0 32-14.33 32-32V304h144c17.67 0 32-14.33 32-32v-32c0-17.67-14.33-32-32-32z\"><\/path><\/svg><\/span>\n\t\t\t\t\t\t\t\t<span class=\"elementor-accordion-icon-opened\"><svg class=\"e-font-icon-svg e-fas-minus\" viewBox=\"0 0 448 512\" xmlns=\"http:\/\/www.w3.org\/2000\/svg\"><path d=\"M416 208H32c-17.67 0-32 14.33-32 32v32c0 17.67 14.33 32 32 32h384c17.67 0 32-14.33 32-32v-32c0-17.67-14.33-32-32-32z\"><\/path><\/svg><\/span>\n\t\t\t\t\t\t\t\t\t\t\t\t\t\t<\/span>\n\t\t\t\t\t\t\t\t\t\t\t\t<a class=\"elementor-accordion-title\" tabindex=\"0\">Como criar um an\u00fancio?<\/a>\n\t\t\t\t\t<\/div>\n\t\t\t\t\t<div id=\"elementor-tab-content-1481\" class=\"elementor-tab-content elementor-clearfix\" data-tab=\"1\" role=\"region\" aria-labelledby=\"elementor-tab-title-1481\"><p>Muito simples e f\u00e1cil! Ap\u00f3s adquirir seu Pacote de An\u00fancios, basta preencher todos os campos da p\u00e1gina &#8220;Publicar um An\u00fancio&#8221;, conferir e enviar.<\/p><p>Veja neste v\u00eddeo de demonstra\u00e7\u00e3o.<\/p><p>\u00a0<\/p><\/div>\n\t\t\t\t<\/div>\n\t\t\t\t\t\t\t<div class=\"elementor-accordion-item\">\n\t\t\t\t\t<div id=\"elementor-tab-title-1482\" class=\"elementor-tab-title\" data-tab=\"2\" role=\"button\" aria-controls=\"elementor-tab-content-1482\" aria-expanded=\"false\">\n\t\t\t\t\t\t\t\t\t\t\t\t\t<span class=\"elementor-accordion-icon elementor-accordion-icon-right\" aria-hidden=\"true\">\n\t\t\t\t\t\t\t\t\t\t\t\t\t\t\t<span class=\"elementor-accordion-icon-closed\"><svg class=\"e-font-icon-svg e-fas-plus\" viewBox=\"0 0 448 512\" xmlns=\"http:\/\/www.w3.org\/2000\/svg\"><path d=\"M416 208H272V64c0-17.67-14.33-32-32-32h-32c-17.67 0-32 14.33-32 32v144H32c-17.67 0-32 14.33-32 32v32c0 17.67 14.33 32 32 32h144v144c0 17.67 14.33 32 32 32h32c17.67 0 32-14.33 32-32V304h144c17.67 0 32-14.33 32-32v-32c0-17.67-14.33-32-32-32z\"><\/path><\/svg><\/span>\n\t\t\t\t\t\t\t\t<span class=\"elementor-accordion-icon-opened\"><svg class=\"e-font-icon-svg e-fas-minus\" viewBox=\"0 0 448 512\" xmlns=\"http:\/\/www.w3.org\/2000\/svg\"><path d=\"M416 208H32c-17.67 0-32 14.33-32 32v32c0 17.67 14.33 32 32 32h384c17.67 0 32-14.33 32-32v-32c0-17.67-14.33-32-32-32z\"><\/path><\/svg><\/span>\n\t\t\t\t\t\t\t\t\t\t\t\t\t\t<\/span>\n\t\t\t\t\t\t\t\t\t\t\t\t<a class=\"elementor-accordion-title\" tabindex=\"0\">Adquirindo mais que um pacote, os an\u00fancios s\u00e3o cumulativos?<\/a>\n\t\t\t\t\t<\/div>\n\t\t\t\t\t<div id=\"elementor-tab-content-1482\" class=\"elementor-tab-content elementor-clearfix\" data-tab=\"2\" role=\"region\" aria-labelledby=\"elementor-tab-title-1482\"><p>Sim!<\/p><\/div>\n\t\t\t\t<\/div>\n\t\t\t\t\t\t\t<div class=\"elementor-accordion-item\">\n\t\t\t\t\t<div id=\"elementor-tab-title-1483\" class=\"elementor-tab-title\" data-tab=\"3\" role=\"button\" aria-controls=\"elementor-tab-content-1483\" aria-expanded=\"false\">\n\t\t\t\t\t\t\t\t\t\t\t\t\t<span class=\"elementor-accordion-icon elementor-accordion-icon-right\" aria-hidden=\"true\">\n\t\t\t\t\t\t\t\t\t\t\t\t\t\t\t<span class=\"elementor-accordion-icon-closed\"><svg class=\"e-font-icon-svg e-fas-plus\" viewBox=\"0 0 448 512\" xmlns=\"http:\/\/www.w3.org\/2000\/svg\"><path d=\"M416 208H272V64c0-17.67-14.33-32-32-32h-32c-17.67 0-32 14.33-32 32v144H32c-17.67 0-32 14.33-32 32v32c0 17.67 14.33 32 32 32h144v144c0 17.67 14.33 32 32 32h32c17.67 0 32-14.33 32-32V304h144c17.67 0 32-14.33 32-32v-32c0-17.67-14.33-32-32-32z\"><\/path><\/svg><\/span>\n\t\t\t\t\t\t\t\t<span class=\"elementor-accordion-icon-opened\"><svg class=\"e-font-icon-svg e-fas-minus\" viewBox=\"0 0 448 512\" xmlns=\"http:\/\/www.w3.org\/2000\/svg\"><path d=\"M416 208H32c-17.67 0-32 14.33-32 32v32c0 17.67 14.33 32 32 32h384c17.67 0 32-14.33 32-32v-32c0-17.67-14.33-32-32-32z\"><\/path><\/svg><\/span>\n\t\t\t\t\t\t\t\t\t\t\t\t\t\t<\/span>\n\t\t\t\t\t\t\t\t\t\t\t\t<a class=\"elementor-accordion-title\" tabindex=\"0\">Como posso aumentar as visualiza\u00e7\u00f5es dos meus an\u00fancios?<\/a>\n\t\t\t\t\t<\/div>\n\t\t\t\t\t<div id=\"elementor-tab-content-1483\" class=\"elementor-tab-content elementor-clearfix\" data-tab=\"3\" role=\"region\" aria-labelledby=\"elementor-tab-title-1483\"><p>Quanto mais visualizado seu an\u00fancio \u00e9, melhores s\u00e3o as chances de cumprir seus objetivos!<br \/><br \/>Portanto, compartilhe o(s) link(s) dos seus An\u00fancios em todas suas redes. Envie para os amigos, pe\u00e7a que compartilhem tamb\u00e9m. Al\u00e9m do bom e velho boca a boca.<\/p><p>Conta pra todo mundo!<\/p><\/div>\n\t\t\t\t<\/div>\n\t\t\t\t\t\t\t\t<\/div>\n\t\t\t\t\t\t<\/div>\n\t\t\t\t<\/div>\n\t\t\t\t\t<\/div>\n\t\t<\/div>\n\t\t\t\t\t<\/div>\n\t\t<\/section>\n\t\t\t\t\t<\/div>\n\t\t<\/div>\n\t\t\t\t\t<\/div>\n\t\t<\/section>\n\t\t\t\t<\/div>\n\t\t","protected":false},"excerpt":{"rendered":"<p>tabela de pre\u00e7os Pacotes de An\u00fancios Escolha um, ou mais, pacotes de acordo com o volume de an\u00fancios que deseja fazer. An\u00fancio Gr\u00e1tis Gratuito 1 An\u00fancio 45 dias Selecionar An\u00fancio [&hellip;]<\/p>\n","protected":false},"author":1,"featured_media":0,"parent":0,"menu_order":0,"comment_status":"closed","ping_status":"closed","template":"","meta":{"_EventAllDay":false,"_EventTimezone":"","_EventStartDate":"","_EventEndDate":"","_EventStartDateUTC":"","_EventEndDateUTC":"","_EventShowMap":false,"_EventShowMapLink":false,"_EventURL":"","_EventCost":"","_EventCostDescription":"","_EventCurrencySymbol":"","_EventCurrencyCode":"","_EventCurrencyPosition":"","_EventDateTimeSeparator":"","_EventTimeRangeSeparator":"","_EventOrganizerID":[],"_EventVenueID":[],"_OrganizerEmail":"","_OrganizerPhone":"","_OrganizerWebsite":"","_VenueAddress":"","_VenueCity":"","_VenueCountry":"","_VenueProvince":"","_VenueState":"","_VenueZip":"","_VenuePhone":"","_VenueURL":"","_VenueStateProvince":"","_VenueLat":"","_VenueLng":"","_VenueShowMap":false,"_VenueShowMapLink":false,"footnotes":""},"class_list":["post-888","page","type-page","status-publish","hentry"],"_links":{"self":[{"href":"https:\/\/xn--loja-ax-hya.com\/guia\/wp-json\/wp\/v2\/pages\/888","targetHints":{"allow":["GET"]}}],"collection":[{"href":"https:\/\/xn--loja-ax-hya.com\/guia\/wp-json\/wp\/v2\/pages"}],"about":[{"href":"https:\/\/xn--loja-ax-hya.com\/guia\/wp-json\/wp\/v2\/types\/page"}],"author":[{"embeddable":true,"href":"https:\/\/xn--loja-ax-hya.com\/guia\/wp-json\/wp\/v2\/users\/1"}],"replies":[{"embeddable":true,"href":"https:\/\/xn--loja-ax-hya.com\/guia\/wp-json\/wp\/v2\/comments?post=888"}],"version-history":[{"count":43,"href":"https:\/\/xn--loja-ax-hya.com\/guia\/wp-json\/wp\/v2\/pages\/888\/revisions"}],"predecessor-version":[{"id":2956,"href":"https:\/\/xn--loja-ax-hya.com\/guia\/wp-json\/wp\/v2\/pages\/888\/revisions\/2956"}],"wp:attachment":[{"href":"https:\/\/xn--loja-ax-hya.com\/guia\/wp-json\/wp\/v2\/media?parent=888"}],"curies":[{"name":"wp","href":"https:\/\/api.w.org\/{rel}","templated":true}]}}